{"id":7,"date":"2019-01-31T07:10:05","date_gmt":"2019-01-31T07:10:05","guid":{"rendered":"https:\/\/volumaateater.ee\/?page_id=7"},"modified":"2025-03-31T19:26:07","modified_gmt":"2025-03-31T19:26:07","slug":"volumaa_lasteteater","status":"publish","type":"page","link":"https:\/\/volumaateater.ee\/","title":{"rendered":"Esileht"},"content":{"rendered":"\n<figure class=\"wp-block-image size-large is-resized\"><a href=\"https:\/\/volumaateater.ee\/wp-content\/uploads\/2019\/04\/cropped-Lasteteatri-logo-v\u00e4ike-1.jpg\"><img loading=\"lazy\" width=\"1024\" height=\"608\" src=\"https:\/\/volumaateater.ee\/wp-content\/uploads\/2019\/04\/cropped-Lasteteatri-logo-v\u00e4ike-1-1024x608.jpg\" alt=\"\" class=\"wp-image-90\" style=\"width:600px\" srcset=\"https:\/\/volumaateater.ee\/wp-content\/uploads\/2019\/04\/cropped-Lasteteatri-logo-v\u00e4ike-1-1024x608.jpg 1024w, https:\/\/volumaateater.ee\/wp-content\/uploads\/2019\/04\/cropped-Lasteteatri-logo-v\u00e4ike-1-768x456.jpg 768w, https:\/\/volumaateater.ee\/wp-content\/uploads\/2019\/04\/cropped-Lasteteatri-logo-v\u00e4ike-1-300x178.jpg 300w, https:\/\/volumaateater.ee\/wp-content\/uploads\/2019\/04\/cropped-Lasteteatri-logo-v\u00e4ike-1.jpg 1166w\" sizes=\"auto, (max-width: 1024px) 100vw, 1024px\" \/><\/a><\/figure>\n\n\n\n<p><\/p>\n\n\n\n<p class=\"has-text-align-center has-text-color has-medium-font-size\" style=\"color:#000000\">V\u00f5lumaa m\u00e4ngutoast alguse saanud V\u00f5lumaa Lasteteater on r\u00f5\u00f5mustanud lapsi juba \u00fcle 10-ne aasta, seda lisaks Eestile ka Soomes, Rootsis ja USA-s.<\/p>\n\n\n\n<p class=\"has-text-align-center has-vivid-red-color has-text-color has-medium-font-size\">M\u00e4ngutuba V\u00f5lumaa sai alguse 2006. aastal Tallinnas Hermanni t\u00e4naval, sealt liikus V\u00f5lumaa edasi Tatari t\u00e4navale. Paljud lapsed m\u00e4letavad siiani seda p\u00f5nevat v\u00e4ikest hoovimajakest imeilusate seinamaalingute ja v\u00f5lukaevuga. Printsessid, haldjad, n\u00f5iad ja lohed peitsid ennast p\u00e4evavalguses \u2013  pimeduses aga, kui k\u00f5ik pidulised olid koju l\u00e4inud, \u00e4rkas muinasjutt taas ellu\u2026<\/p>\n\n\n\n<p class=\"has-text-align-center has-text-color has-medium-font-size\" style=\"color:#000000\">V\u00f5lumaa muinasjutust kasvas v\u00e4lja r\u00e4ndteater, mis tegutseb siiani \u2013 V\u00f5lumaa Lasteteater. M\u00e4ngime erilisi lavastusi ning korraldame p\u00f5nevaid pidusid. Lisaks lastele korraldame pidusid ja programme ka suurtele. Meie usume, et t\u00e4iskasvanud on lihtsalt suureks kasvanud lapsed.<\/p>\n","protected":false},"excerpt":{"rendered":"<p>V\u00f5lumaa m\u00e4ngutoast alguse saanud V\u00f5lumaa Lasteteater on r\u00f5\u00f5mustanud lapsi juba \u00fcle 10-ne aasta, seda lisaks Eestile ka Soomes, Rootsis ja USA-s. M\u00e4ngutuba V\u00f5lumaa sai alguse 2006. aastal Tallinnas Hermanni t\u00e4naval, sealt liikus V\u00f5lumaa edasi Tatari t\u00e4navale. Paljud lapsed m\u00e4letavad siiani seda p\u00f5nevat v\u00e4ikest hoovimajakest imeilusate seinamaalingute ja v\u00f5lukaevuga. Printsessid, haldjad, n\u00f5iad ja lohed peitsid ennast [&hellip;]<\/p>\n","protected":false},"author":1,"featured_media":0,"parent":0,"menu_order":0,"comment_status":"closed","ping_status":"closed","template":"","meta":{"footnotes":""},"class_list":["post-7","page","type-page","status-publish","hentry"],"yoast_head":"<!-- This site is optimized with the Yoast SEO plugin v27.3 - https:\/\/yoast.com\/product\/yoast-seo-wordpress\/ -->\n<title>V\u00f5lumaa Lasteteater<\/title>\n<meta name=\"description\" content=\"V\u00f5lumaa m\u00e4ngutoast alguse saanud V\u00f5lumaa Lasteteater on r\u00f5\u00f5mustanud lapsi juba 7 aastat, seda lisaks Eestile ka Soomes, Rootsis ja USA-s.\" \/>\n<meta name=\"robots\" content=\"index, follow, max-snippet:-1, max-image-preview:large, max-video-preview:-1\" \/>\n<link rel=\"canonical\" href=\"https:\/\/volumaateater.ee\/\" \/>\n<meta property=\"og:locale\" content=\"en_US\" \/>\n<meta property=\"og:type\" content=\"article\" \/>\n<meta property=\"og:title\" content=\"V\u00f5lumaa Lasteteater\" \/>\n<meta property=\"og:description\" content=\"V\u00f5lumaa m\u00e4ngutoast alguse saanud V\u00f5lumaa Lasteteater on r\u00f5\u00f5mustanud lapsi juba 7 aastat, seda lisaks Eestile ka Soomes, Rootsis ja USA-s.\" \/>\n<meta property=\"og:url\" content=\"https:\/\/volumaateater.ee\/\" \/>\n<meta property=\"og:site_name\" content=\"V&otilde;lumaa Lasteteater\" \/>\n<meta property=\"article:modified_time\" content=\"2025-03-31T19:26:07+00:00\" \/>\n<meta name=\"twitter:card\" content=\"summary_large_image\" \/>\n<meta name=\"twitter:label1\" content=\"Est. reading time\" \/>\n\t<meta name=\"twitter:data1\" content=\"1 minute\" \/>\n<script type=\"application\/ld+json\" class=\"yoast-schema-graph\">{\"@context\":\"https:\\\/\\\/schema.org\",\"@graph\":[{\"@type\":\"WebPage\",\"@id\":\"https:\\\/\\\/volumaateater.ee\\\/\",\"url\":\"https:\\\/\\\/volumaateater.ee\\\/\",\"name\":\"V\u00f5lumaa Lasteteater\",\"isPartOf\":{\"@id\":\"https:\\\/\\\/volumaateater.ee\\\/#website\"},\"datePublished\":\"2019-01-31T07:10:05+00:00\",\"dateModified\":\"2025-03-31T19:26:07+00:00\",\"description\":\"V\u00f5lumaa m\u00e4ngutoast alguse saanud V\u00f5lumaa Lasteteater on r\u00f5\u00f5mustanud lapsi juba 7 aastat, seda lisaks Eestile ka Soomes, Rootsis ja USA-s.\",\"breadcrumb\":{\"@id\":\"https:\\\/\\\/volumaateater.ee\\\/#breadcrumb\"},\"inLanguage\":\"en\",\"potentialAction\":[{\"@type\":\"ReadAction\",\"target\":[\"https:\\\/\\\/volumaateater.ee\\\/\"]}]},{\"@type\":\"BreadcrumbList\",\"@id\":\"https:\\\/\\\/volumaateater.ee\\\/#breadcrumb\",\"itemListElement\":[{\"@type\":\"ListItem\",\"position\":1,\"name\":\"Home\",\"item\":\"https:\\\/\\\/volumaateater.ee\\\/\"},{\"@type\":\"ListItem\",\"position\":2,\"name\":\"Esileht\"}]},{\"@type\":\"WebSite\",\"@id\":\"https:\\\/\\\/volumaateater.ee\\\/#website\",\"url\":\"https:\\\/\\\/volumaateater.ee\\\/\",\"name\":\"V&otilde;lumaa Lasteteater\",\"description\":\"&quot;Elu ongi Muinasjutt!&quot;          \",\"potentialAction\":[{\"@type\":\"SearchAction\",\"target\":{\"@type\":\"EntryPoint\",\"urlTemplate\":\"https:\\\/\\\/volumaateater.ee\\\/?s={search_term_string}\"},\"query-input\":{\"@type\":\"PropertyValueSpecification\",\"valueRequired\":true,\"valueName\":\"search_term_string\"}}],\"inLanguage\":\"en\"}]}<\/script>\n<!-- \/ Yoast SEO plugin. -->","yoast_head_json":{"title":"V\u00f5lumaa Lasteteater","description":"V\u00f5lumaa m\u00e4ngutoast alguse saanud V\u00f5lumaa Lasteteater on r\u00f5\u00f5mustanud lapsi juba 7 aastat, seda lisaks Eestile ka Soomes, Rootsis ja USA-s.","robots":{"index":"index","follow":"follow","max-snippet":"max-snippet:-1","max-image-preview":"max-image-preview:large","max-video-preview":"max-video-preview:-1"},"canonical":"https:\/\/volumaateater.ee\/","og_locale":"en_US","og_type":"article","og_title":"V\u00f5lumaa Lasteteater","og_description":"V\u00f5lumaa m\u00e4ngutoast alguse saanud V\u00f5lumaa Lasteteater on r\u00f5\u00f5mustanud lapsi juba 7 aastat, seda lisaks Eestile ka Soomes, Rootsis ja USA-s.","og_url":"https:\/\/volumaateater.ee\/","og_site_name":"V&otilde;lumaa Lasteteater","article_modified_time":"2025-03-31T19:26:07+00:00","twitter_card":"summary_large_image","twitter_misc":{"Est. reading time":"1 minute"},"schema":{"@context":"https:\/\/schema.org","@graph":[{"@type":"WebPage","@id":"https:\/\/volumaateater.ee\/","url":"https:\/\/volumaateater.ee\/","name":"V\u00f5lumaa Lasteteater","isPartOf":{"@id":"https:\/\/volumaateater.ee\/#website"},"datePublished":"2019-01-31T07:10:05+00:00","dateModified":"2025-03-31T19:26:07+00:00","description":"V\u00f5lumaa m\u00e4ngutoast alguse saanud V\u00f5lumaa Lasteteater on r\u00f5\u00f5mustanud lapsi juba 7 aastat, seda lisaks Eestile ka Soomes, Rootsis ja USA-s.","breadcrumb":{"@id":"https:\/\/volumaateater.ee\/#breadcrumb"},"inLanguage":"en","potentialAction":[{"@type":"ReadAction","target":["https:\/\/volumaateater.ee\/"]}]},{"@type":"BreadcrumbList","@id":"https:\/\/volumaateater.ee\/#breadcrumb","itemListElement":[{"@type":"ListItem","position":1,"name":"Home","item":"https:\/\/volumaateater.ee\/"},{"@type":"ListItem","position":2,"name":"Esileht"}]},{"@type":"WebSite","@id":"https:\/\/volumaateater.ee\/#website","url":"https:\/\/volumaateater.ee\/","name":"V&otilde;lumaa Lasteteater","description":"&quot;Elu ongi Muinasjutt!&quot;          ","potentialAction":[{"@type":"SearchAction","target":{"@type":"EntryPoint","urlTemplate":"https:\/\/volumaateater.ee\/?s={search_term_string}"},"query-input":{"@type":"PropertyValueSpecification","valueRequired":true,"valueName":"search_term_string"}}],"inLanguage":"en"}]}},"_links":{"self":[{"href":"https:\/\/volumaateater.ee\/index.php?rest_route=\/wp\/v2\/pages\/7","targetHints":{"allow":["GET"]}}],"collection":[{"href":"https:\/\/volumaateater.ee\/index.php?rest_route=\/wp\/v2\/pages"}],"about":[{"href":"https:\/\/volumaateater.ee\/index.php?rest_route=\/wp\/v2\/types\/page"}],"author":[{"embeddable":true,"href":"https:\/\/volumaateater.ee\/index.php?rest_route=\/wp\/v2\/users\/1"}],"replies":[{"embeddable":true,"href":"https:\/\/volumaateater.ee\/index.php?rest_route=%2Fwp%2Fv2%2Fcomments&post=7"}],"version-history":[{"count":19,"href":"https:\/\/volumaateater.ee\/index.php?rest_route=\/wp\/v2\/pages\/7\/revisions"}],"predecessor-version":[{"id":364,"href":"https:\/\/volumaateater.ee\/index.php?rest_route=\/wp\/v2\/pages\/7\/revisions\/364"}],"wp:attachment":[{"href":"https:\/\/volumaateater.ee\/index.php?rest_route=%2Fwp%2Fv2%2Fmedia&parent=7"}],"curies":[{"name":"wp","href":"https:\/\/api.w.org\/{rel}","templated":true}]}}