{"id":14,"date":"2019-02-01T19:28:46","date_gmt":"2019-02-01T19:28:46","guid":{"rendered":"https:\/\/volumaateater.ee\/?page_id=14"},"modified":"2025-03-24T17:49:15","modified_gmt":"2025-03-24T17:49:15","slug":"volumaa_lasteteatri_lavastused","status":"publish","type":"page","link":"https:\/\/volumaateater.ee\/?page_id=14","title":{"rendered":"Programmid ja hinnad"},"content":{"rendered":"\n<p><\/p>\n\n\n\n<p class=\"has-text-align-left has-vivid-red-color has-text-color\"><strong>V\u00d5LUMAA LASTETEATRI LAVASTUSED: <\/strong><br> K\u00f5ik V\u00f5lumaa Lasteteatri lavastused on valminud koost\u00f6\u00f6na \u2013 idee idanedes suhtleme lastega ning jagame m\u00f5tteid s\u00f5pradega. Nii s\u00fcnnivadki kaasahaaravad, s\u00fcdamlikud ja naljakad lood.<br> Vanusepiirangut pole, meile meeldib kasutada m\u00f5istet \u201ekogupereetendus\u201c.<br> Dekoratsioonid ei v\u00f5ta palju ruumi ja m\u00e4ngimiseks piisab v\u00e4ga v\u00e4ikesest pinnast. Nii saab meid kutsuda kasv\u00f5i koju. Etenduste hinnad on eraisikutele ja firmadele erinevad.<br> V\u00f5ta meiega \u00fchendust ja telli etendus v\u00f5i peoprogramm s\u00fcnnip\u00e4evapeole, firma suvep\u00e4evale, j\u00f5ulupeole, kooli, lasteaeda, koju. Oleme valmis kaasa m\u00f5tlema ja pakkuma parimat elamust! <br>Tutvu meie lavastustega <strong><a href=\"https:\/\/volumaateater.ee\/?page_id=200\">SIIN!<\/a><\/strong><br><\/p>\n\n\n\n<p class=\"has-text-align-left has-text-color\" style=\"color:#000000\"><strong>MUINASJUTUTEGELASED<\/strong>:<br>Siit leiad valiku muinasjututegelasi, keda saad lapsi r\u00f5\u00f5mustama<br>kutsuda:<br>Lotte,<br>klouniplika K\u00e4rts,<br>merer\u00f6\u00f6vlipealik Marissa,<br>V\u00e4ike N\u00f5id,<br>professor Bumm,<br>mesimumm Zumm,<br>Minni hiir,<br>kass Karlotte,<br>p\u00e4kapikk Mete<br>j\u00f5uluvana<br><br>Kui selles valikus pole Sinu lapse lemmikut, siis anna meile lapse erilisest soovist teada, p\u00fc\u00fcame leida v\u00f5imaluse ja saata peole just Sinu lapse lemmiku.<br>Suurematele lastele vaata Tallinna vanalinna kummitustuuri programmi, v\u00f5i kirjuta meile, teeme igale soovile parima pakkumise!<br>K\u00f5igil tegelaskujudel on oma programm, mis kohandatakse igaks peoks olenevalt laste arvust, vanusest ja peo ise\u00e4rasustest. M\u00f5ned tegevused erinevatel muinasjututegelastel kattuvad. Tavaliselt sisaldab kuni 1h programm aktiivseid m\u00e4nge ja olenevalt laste arvust ka \u00f5hupalliloomi v\u00f5i lihtsamaid k\u00e4emaalinguid.<\/p>\n\n\n\n<p class=\"has-text-align-left has-vivid-red-color has-text-color\"><strong>MUINASJUTUTEGELASTE PROGRAMMI HINNAKIRI:<\/strong><br>Tavaprogramm kestab kuni 1 tund ja sobib 3-8-aastastele, kuni 20-le lapsele. <br>K\u00f5ikide tegelaskujude (v.a Lotte) programmi hind alates 170 eurot.<br>Lotte programmi hind alates 190 eurot. (Lotte tegelaskuju hind sisaldab ka autoritasu ja kost\u00fc\u00fcmirenti Eesti Joonisfilmist).<\/p>\n\n\n\n<p class=\"has-text-align-left has-black-color has-text-color has-link-color wp-elements-479bf7ba6ad4972eb45a522383ba3bc9\"><strong>LASTEAIA L\u00d5PUPEOD<\/strong><br>Lasteaia l\u00f5pupeole saad kutsuda lapsi r\u00f5\u00f5mustama vahva tegelaskuju.<br>Eriti oodatud on kloun K\u00e4rts ja Lotte. Kirjuta meile, p\u00fc\u00fcame arvestada k\u00f5ikide soovidega ja lepime kokku \u00fcksikasjad.<br>Lasteaia l\u00f5pupeo programmide hinnad alates 240 eurot.<\/p>\n\n\n\n<p class=\"has-text-align-left has-vivid-red-color has-text-color\"><strong>KUMMITUSTUUR TALLINNA VANALINNAS<\/strong><br>Kui Sulle meeldivad natuke teistsugused s\u00fcnnip\u00e4evapeod ja soovid oma s\u00f5pru \u00fcllatada, siis kutsu s\u00f5brad vanalinna ja teeme p\u00f5neva kummitustuuri! Tallinna vanalinn on p\u00f5nev koht just oma paljude kummituslugude p\u00e4rast. Kui Su s\u00f5brad ei karda v\u00e4ikest n\u00e4rvik\u00f5di ja soovite kuulata giidi pajatusi iidsetest lugudest, siis on kummitustuur just \u00f5ige valik. Iga objekti kohta on ka k\u00fcsimus, millele \u00f5igesti<br>vastanu saab v\u00e4ikese auhinna. <br>Pane jalga mugavad jalan\u00f5ud ja selga ilmale vastav riietus!<br>Sobib alates 8-aastastele lastele ja t\u00e4iskasvanutele, kestab kuni 1,5 tundi.<br>\u00dche osaleja tasu 12.-, grupi suurus alates 7 inimesest.<\/p>\n\n\n\n<p class=\"has-black-color has-text-color has-link-color wp-elements-385dcc85b10fc4c5a764dd4cb671528c\"><strong>PANE T\u00c4HELE!<\/strong><br><strong>Hinnad kehtivad erapidudele Tallinnas. Firmadele ja v\u00e4ljaspool Tallinnat toimuvatele s\u00fcndmustele on hinnad kokkuleppel.<br>Hindadele k\u00e4ibemaksu ei lisandu.<br>Hinnakiri muudetud 25.11.2024<\/strong><\/p>\n\n\n\n<p class=\"has-black-color has-text-color has-link-color wp-elements-2a93481ca382012b40174c136516e1e1\">V\u00f5ta \u00fchendust ja saadame Sulle personaalse pakkumise:<br><a href=\"mailto:eeva@volumaa.pri.ee\" target=\"_blank\" rel=\"noreferrer noopener\">eeva@volumaa.pri.ee<\/a>&nbsp;v\u00f5i tel: 534 739 45<\/p>\n","protected":false},"excerpt":{"rendered":"<p>V\u00d5LUMAA LASTETEATRI LAVASTUSED: K\u00f5ik V\u00f5lumaa Lasteteatri lavastused on valminud koost\u00f6\u00f6na \u2013 idee idanedes suhtleme lastega ning jagame m\u00f5tteid s\u00f5pradega. Nii s\u00fcnnivadki kaasahaaravad, s\u00fcdamlikud ja naljakad lood. Vanusepiirangut pole, meile meeldib kasutada m\u00f5istet \u201ekogupereetendus\u201c. Dekoratsioonid ei v\u00f5ta palju ruumi ja m\u00e4ngimiseks piisab v\u00e4ga v\u00e4ikesest pinnast. Nii saab meid kutsuda kasv\u00f5i koju. Etenduste hinnad on eraisikutele ja [&hellip;]<\/p>\n","protected":false},"author":1,"featured_media":0,"parent":0,"menu_order":0,"comment_status":"closed","ping_status":"closed","template":"","meta":{"footnotes":""},"class_list":["post-14","page","type-page","status-publish","hentry"],"yoast_head":"<!-- This site is optimized with the Yoast SEO plugin v27.5 - https:\/\/yoast.com\/product\/yoast-seo-wordpress\/ -->\n<title>Programmid ja hinnad - V&otilde;lumaa Lasteteater<\/title>\n<meta name=\"description\" content=\"K\u00f5ik V\u00f5lumaa Lasteteatri lavastused on valminud koost\u00f6\u00f6na \u2013 idee idanedes suhtleme lastega ning jagame m\u00f5tteid s\u00f5pradega.\" \/>\n<meta name=\"robots\" content=\"index, follow, max-snippet:-1, max-image-preview:large, max-video-preview:-1\" \/>\n<link rel=\"canonical\" href=\"https:\/\/volumaateater.ee\/?page_id=14\" \/>\n<meta property=\"og:locale\" content=\"en_US\" \/>\n<meta property=\"og:type\" content=\"article\" \/>\n<meta property=\"og:title\" content=\"Programmid ja hinnad - V&otilde;lumaa Lasteteater\" \/>\n<meta property=\"og:description\" content=\"K\u00f5ik V\u00f5lumaa Lasteteatri lavastused on valminud koost\u00f6\u00f6na \u2013 idee idanedes suhtleme lastega ning jagame m\u00f5tteid s\u00f5pradega.\" \/>\n<meta property=\"og:url\" content=\"https:\/\/volumaateater.ee\/?page_id=14\" \/>\n<meta property=\"og:site_name\" content=\"V&otilde;lumaa Lasteteater\" \/>\n<meta property=\"article:modified_time\" content=\"2025-03-24T17:49:15+00:00\" \/>\n<meta name=\"twitter:card\" content=\"summary_large_image\" \/>\n<meta name=\"twitter:label1\" content=\"Est. reading time\" \/>\n\t<meta name=\"twitter:data1\" content=\"2 minutes\" \/>\n<script type=\"application\/ld+json\" class=\"yoast-schema-graph\">{\"@context\":\"https:\\\/\\\/schema.org\",\"@graph\":[{\"@type\":\"WebPage\",\"@id\":\"https:\\\/\\\/volumaateater.ee\\\/?page_id=14\",\"url\":\"https:\\\/\\\/volumaateater.ee\\\/?page_id=14\",\"name\":\"Programmid ja hinnad - V&otilde;lumaa Lasteteater\",\"isPartOf\":{\"@id\":\"https:\\\/\\\/volumaateater.ee\\\/#website\"},\"datePublished\":\"2019-02-01T19:28:46+00:00\",\"dateModified\":\"2025-03-24T17:49:15+00:00\",\"description\":\"K\u00f5ik V\u00f5lumaa Lasteteatri lavastused on valminud koost\u00f6\u00f6na \u2013 idee idanedes suhtleme lastega ning jagame m\u00f5tteid s\u00f5pradega.\",\"breadcrumb\":{\"@id\":\"https:\\\/\\\/volumaateater.ee\\\/?page_id=14#breadcrumb\"},\"inLanguage\":\"en\",\"potentialAction\":[{\"@type\":\"ReadAction\",\"target\":[\"https:\\\/\\\/volumaateater.ee\\\/?page_id=14\"]}]},{\"@type\":\"BreadcrumbList\",\"@id\":\"https:\\\/\\\/volumaateater.ee\\\/?page_id=14#breadcrumb\",\"itemListElement\":[{\"@type\":\"ListItem\",\"position\":1,\"name\":\"Home\",\"item\":\"https:\\\/\\\/volumaateater.ee\\\/\"},{\"@type\":\"ListItem\",\"position\":2,\"name\":\"Programmid ja hinnad\"}]},{\"@type\":\"WebSite\",\"@id\":\"https:\\\/\\\/volumaateater.ee\\\/#website\",\"url\":\"https:\\\/\\\/volumaateater.ee\\\/\",\"name\":\"V&otilde;lumaa Lasteteater\",\"description\":\"&quot;Elu ongi Muinasjutt!&quot;          \",\"potentialAction\":[{\"@type\":\"SearchAction\",\"target\":{\"@type\":\"EntryPoint\",\"urlTemplate\":\"https:\\\/\\\/volumaateater.ee\\\/?s={search_term_string}\"},\"query-input\":{\"@type\":\"PropertyValueSpecification\",\"valueRequired\":true,\"valueName\":\"search_term_string\"}}],\"inLanguage\":\"en\"}]}<\/script>\n<!-- \/ Yoast SEO plugin. -->","yoast_head_json":{"title":"Programmid ja hinnad - V&otilde;lumaa Lasteteater","description":"K\u00f5ik V\u00f5lumaa Lasteteatri lavastused on valminud koost\u00f6\u00f6na \u2013 idee idanedes suhtleme lastega ning jagame m\u00f5tteid s\u00f5pradega.","robots":{"index":"index","follow":"follow","max-snippet":"max-snippet:-1","max-image-preview":"max-image-preview:large","max-video-preview":"max-video-preview:-1"},"canonical":"https:\/\/volumaateater.ee\/?page_id=14","og_locale":"en_US","og_type":"article","og_title":"Programmid ja hinnad - V&otilde;lumaa Lasteteater","og_description":"K\u00f5ik V\u00f5lumaa Lasteteatri lavastused on valminud koost\u00f6\u00f6na \u2013 idee idanedes suhtleme lastega ning jagame m\u00f5tteid s\u00f5pradega.","og_url":"https:\/\/volumaateater.ee\/?page_id=14","og_site_name":"V&otilde;lumaa Lasteteater","article_modified_time":"2025-03-24T17:49:15+00:00","twitter_card":"summary_large_image","twitter_misc":{"Est. reading time":"2 minutes"},"schema":{"@context":"https:\/\/schema.org","@graph":[{"@type":"WebPage","@id":"https:\/\/volumaateater.ee\/?page_id=14","url":"https:\/\/volumaateater.ee\/?page_id=14","name":"Programmid ja hinnad - V&otilde;lumaa Lasteteater","isPartOf":{"@id":"https:\/\/volumaateater.ee\/#website"},"datePublished":"2019-02-01T19:28:46+00:00","dateModified":"2025-03-24T17:49:15+00:00","description":"K\u00f5ik V\u00f5lumaa Lasteteatri lavastused on valminud koost\u00f6\u00f6na \u2013 idee idanedes suhtleme lastega ning jagame m\u00f5tteid s\u00f5pradega.","breadcrumb":{"@id":"https:\/\/volumaateater.ee\/?page_id=14#breadcrumb"},"inLanguage":"en","potentialAction":[{"@type":"ReadAction","target":["https:\/\/volumaateater.ee\/?page_id=14"]}]},{"@type":"BreadcrumbList","@id":"https:\/\/volumaateater.ee\/?page_id=14#breadcrumb","itemListElement":[{"@type":"ListItem","position":1,"name":"Home","item":"https:\/\/volumaateater.ee\/"},{"@type":"ListItem","position":2,"name":"Programmid ja hinnad"}]},{"@type":"WebSite","@id":"https:\/\/volumaateater.ee\/#website","url":"https:\/\/volumaateater.ee\/","name":"V&otilde;lumaa Lasteteater","description":"&quot;Elu ongi Muinasjutt!&quot;          ","potentialAction":[{"@type":"SearchAction","target":{"@type":"EntryPoint","urlTemplate":"https:\/\/volumaateater.ee\/?s={search_term_string}"},"query-input":{"@type":"PropertyValueSpecification","valueRequired":true,"valueName":"search_term_string"}}],"inLanguage":"en"}]}},"_links":{"self":[{"href":"https:\/\/volumaateater.ee\/index.php?rest_route=\/wp\/v2\/pages\/14","targetHints":{"allow":["GET"]}}],"collection":[{"href":"https:\/\/volumaateater.ee\/index.php?rest_route=\/wp\/v2\/pages"}],"about":[{"href":"https:\/\/volumaateater.ee\/index.php?rest_route=\/wp\/v2\/types\/page"}],"author":[{"embeddable":true,"href":"https:\/\/volumaateater.ee\/index.php?rest_route=\/wp\/v2\/users\/1"}],"replies":[{"embeddable":true,"href":"https:\/\/volumaateater.ee\/index.php?rest_route=%2Fwp%2Fv2%2Fcomments&post=14"}],"version-history":[{"count":31,"href":"https:\/\/volumaateater.ee\/index.php?rest_route=\/wp\/v2\/pages\/14\/revisions"}],"predecessor-version":[{"id":309,"href":"https:\/\/volumaateater.ee\/index.php?rest_route=\/wp\/v2\/pages\/14\/revisions\/309"}],"wp:attachment":[{"href":"https:\/\/volumaateater.ee\/index.php?rest_route=%2Fwp%2Fv2%2Fmedia&parent=14"}],"curies":[{"name":"wp","href":"https:\/\/api.w.org\/{rel}","templated":true}]}}